{"id":101,"date":"2021-08-10T12:21:11","date_gmt":"2021-08-10T12:21:11","guid":{"rendered":"https:\/\/tnttunes.pl\/?page_id=101"},"modified":"2021-08-10T12:21:12","modified_gmt":"2021-08-10T12:21:12","slug":"kontakt","status":"publish","type":"page","link":"https:\/\/tnttunes.pl\/?page_id=101","title":{"rendered":"Kontakt"},"content":{"rendered":"<div class=\"wpforms-container wpforms-container-full wpforms-block\" id=\"wpforms-100\"><form id=\"wpforms-form-100\" class=\"wpforms-validate wpforms-form wpforms-ajax-form\" data-formid=\"100\" method=\"post\" enctype=\"multipart\/form-data\" action=\"\/index.php?rest_route=%2Fwp%2Fv2%2Fpages%2F101\" data-token=\"2aac5909572f8f0912d7c83c730114cb\" data-token-time=\"1776696520\"><noscript class=\"wpforms-error-noscript\">Aby wype\u0142ni\u0107 ten formularz, w\u0142\u0105cz obs\u0142ug\u0119 JavaScript w przegl\u0105darce.<\/noscript><div class=\"wpforms-field-container\"><div id=\"wpforms-100-field_0-container\" class=\"wpforms-field wpforms-field-name\" data-field-id=\"0\"><label class=\"wpforms-field-label\">Name <span class=\"wpforms-required-label\">*<\/span><\/label><div class=\"wpforms-field-row wpforms-field-medium\"><div class=\"wpforms-field-row-block wpforms-first wpforms-one-half\"><input type=\"text\" id=\"wpforms-100-field_0\" class=\"wpforms-field-name-first wpforms-field-required\" name=\"wpforms[fields][0][first]\" required><label for=\"wpforms-100-field_0\" class=\"wpforms-field-sublabel after\">Imi\u0119<\/label><\/div><div class=\"wpforms-field-row-block wpforms-one-half\"><input type=\"text\" id=\"wpforms-100-field_0-last\" class=\"wpforms-field-name-last wpforms-field-required\" name=\"wpforms[fields][0][last]\" required><label for=\"wpforms-100-field_0-last\" class=\"wpforms-field-sublabel after\">Nazwisko<\/label><\/div><\/div><\/div><div id=\"wpforms-100-field_1-container\" class=\"wpforms-field wpforms-field-email\" data-field-id=\"1\"><label class=\"wpforms-field-label\" for=\"wpforms-100-field_1\">Email <span class=\"wpforms-required-label\">*<\/span><\/label><input type=\"email\" id=\"wpforms-100-field_1\" class=\"wpforms-field-medium wpforms-field-required\" name=\"wpforms[fields][1]\" spellcheck=\"false\" required><\/div><div id=\"wpforms-100-field_2-container\" class=\"wpforms-field wpforms-field-textarea\" data-field-id=\"2\"><label class=\"wpforms-field-label\" for=\"wpforms-100-field_2\">Comment or Message <span class=\"wpforms-required-label\">*<\/span><\/label><textarea id=\"wpforms-100-field_2\" class=\"wpforms-field-medium wpforms-field-required\" name=\"wpforms[fields][2]\" required><\/textarea><\/div><\/div><!-- .wpforms-field-container --><div class=\"wpforms-recaptcha-container wpforms-is-recaptcha wpforms-is-recaptcha-type-invisible\" ><div class=\"g-recaptcha\" data-sitekey=\"6LdJCvAbAAAAAMUcTWjjxcg5Qm-e0eBZa1utUwHh\" data-size=\"invisible\"><\/div><\/div><div class=\"wpforms-submit-container\" ><input type=\"hidden\" name=\"wpforms[id]\" value=\"100\"><input type=\"hidden\" name=\"page_title\" value=\"\"><input type=\"hidden\" name=\"page_url\" value=\"https:\/\/tnttunes.pl\/index.php?rest_route=\/wp\/v2\/pages\/101\"><input type=\"hidden\" name=\"url_referer\" value=\"\"><button type=\"submit\" name=\"wpforms[submit]\" id=\"wpforms-submit-100\" class=\"wpforms-submit\" data-alt-text=\"Sending...\" data-submit-text=\"Submit\" aria-live=\"assertive\" value=\"wpforms-submit\">Submit<\/button><img loading=\"lazy\" decoding=\"async\" src=\"https:\/\/tnttunes.pl\/wp-content\/plugins\/wpforms-lite\/assets\/images\/submit-spin.svg\" class=\"wpforms-submit-spinner\" style=\"display: none;\" width=\"26\" height=\"26\" alt=\"Wczytywanie\"><\/div><\/form><\/div>  <!-- .wpforms-container -->","protected":false},"excerpt":{"rendered":"","protected":false},"author":1,"featured_media":0,"parent":0,"menu_order":0,"comment_status":"closed","ping_status":"closed","template":"","meta":{"_monsterinsights_skip_tracking":false,"_monsterinsights_sitenote_active":false,"_monsterinsights_sitenote_note":"","_monsterinsights_sitenote_category":0,"footnotes":""},"class_list":["post-101","page","type-page","status-publish","hentry"],"yoast_head":"<!-- This site is optimized with the Yoast SEO plugin v24.7 - https:\/\/yoast.com\/wordpress\/plugins\/seo\/ -->\n<title>Kontakt - TNT Tunes<\/title>\n<meta name=\"robots\" content=\"index, follow, max-snippet:-1, max-image-preview:large, max-video-preview:-1\" \/>\n<link rel=\"canonical\" href=\"https:\/\/tnttunes.pl\/?page_id=101\" \/>\n<meta property=\"og:locale\" content=\"pl_PL\" \/>\n<meta property=\"og:type\" content=\"article\" \/>\n<meta property=\"og:title\" content=\"Kontakt - TNT Tunes\" \/>\n<meta property=\"og:url\" content=\"https:\/\/tnttunes.pl\/?page_id=101\" \/>\n<meta property=\"og:site_name\" content=\"TNT Tunes\" \/>\n<meta property=\"article:modified_time\" content=\"2021-08-10T12:21:12+00:00\" \/>\n<meta name=\"twitter:card\" content=\"summary_large_image\" \/>\n<script type=\"application\/ld+json\" class=\"yoast-schema-graph\">{\"@context\":\"https:\/\/schema.org\",\"@graph\":[{\"@type\":\"WebPage\",\"@id\":\"https:\/\/tnttunes.pl\/?page_id=101\",\"url\":\"https:\/\/tnttunes.pl\/?page_id=101\",\"name\":\"Kontakt - TNT Tunes\",\"isPartOf\":{\"@id\":\"https:\/\/tnttunes.pl\/#website\"},\"datePublished\":\"2021-08-10T12:21:11+00:00\",\"dateModified\":\"2021-08-10T12:21:12+00:00\",\"breadcrumb\":{\"@id\":\"https:\/\/tnttunes.pl\/?page_id=101#breadcrumb\"},\"inLanguage\":\"pl-PL\",\"potentialAction\":[{\"@type\":\"ReadAction\",\"target\":[\"https:\/\/tnttunes.pl\/?page_id=101\"]}]},{\"@type\":\"BreadcrumbList\",\"@id\":\"https:\/\/tnttunes.pl\/?page_id=101#breadcrumb\",\"itemListElement\":[{\"@type\":\"ListItem\",\"position\":1,\"name\":\"Strona g\u0142\u00f3wna\",\"item\":\"https:\/\/tnttunes.pl\/\"},{\"@type\":\"ListItem\",\"position\":2,\"name\":\"Kontakt\"}]},{\"@type\":\"WebSite\",\"@id\":\"https:\/\/tnttunes.pl\/#website\",\"url\":\"https:\/\/tnttunes.pl\/\",\"name\":\"TNT Tunes\",\"description\":\"In punk we trust\",\"publisher\":{\"@id\":\"https:\/\/tnttunes.pl\/#organization\"},\"potentialAction\":[{\"@type\":\"SearchAction\",\"target\":{\"@type\":\"EntryPoint\",\"urlTemplate\":\"https:\/\/tnttunes.pl\/?s={search_term_string}\"},\"query-input\":{\"@type\":\"PropertyValueSpecification\",\"valueRequired\":true,\"valueName\":\"search_term_string\"}}],\"inLanguage\":\"pl-PL\"},{\"@type\":\"Organization\",\"@id\":\"https:\/\/tnttunes.pl\/#organization\",\"name\":\"TNT Tunes\",\"url\":\"https:\/\/tnttunes.pl\/\",\"logo\":{\"@type\":\"ImageObject\",\"inLanguage\":\"pl-PL\",\"@id\":\"https:\/\/tnttunes.pl\/#\/schema\/logo\/image\/\",\"url\":\"https:\/\/tnttunes.pl\/wp-content\/uploads\/2021\/08\/cropped-TNT-logo-scaled-1.jpg\",\"contentUrl\":\"https:\/\/tnttunes.pl\/wp-content\/uploads\/2021\/08\/cropped-TNT-logo-scaled-1.jpg\",\"width\":2560,\"height\":1046,\"caption\":\"TNT Tunes\"},\"image\":{\"@id\":\"https:\/\/tnttunes.pl\/#\/schema\/logo\/image\/\"}}]}<\/script>\n<!-- \/ Yoast SEO plugin. -->","yoast_head_json":{"title":"Kontakt - TNT Tunes","robots":{"index":"index","follow":"follow","max-snippet":"max-snippet:-1","max-image-preview":"max-image-preview:large","max-video-preview":"max-video-preview:-1"},"canonical":"https:\/\/tnttunes.pl\/?page_id=101","og_locale":"pl_PL","og_type":"article","og_title":"Kontakt - TNT Tunes","og_url":"https:\/\/tnttunes.pl\/?page_id=101","og_site_name":"TNT Tunes","article_modified_time":"2021-08-10T12:21:12+00:00","twitter_card":"summary_large_image","schema":{"@context":"https:\/\/schema.org","@graph":[{"@type":"WebPage","@id":"https:\/\/tnttunes.pl\/?page_id=101","url":"https:\/\/tnttunes.pl\/?page_id=101","name":"Kontakt - TNT Tunes","isPartOf":{"@id":"https:\/\/tnttunes.pl\/#website"},"datePublished":"2021-08-10T12:21:11+00:00","dateModified":"2021-08-10T12:21:12+00:00","breadcrumb":{"@id":"https:\/\/tnttunes.pl\/?page_id=101#breadcrumb"},"inLanguage":"pl-PL","potentialAction":[{"@type":"ReadAction","target":["https:\/\/tnttunes.pl\/?page_id=101"]}]},{"@type":"BreadcrumbList","@id":"https:\/\/tnttunes.pl\/?page_id=101#breadcrumb","itemListElement":[{"@type":"ListItem","position":1,"name":"Strona g\u0142\u00f3wna","item":"https:\/\/tnttunes.pl\/"},{"@type":"ListItem","position":2,"name":"Kontakt"}]},{"@type":"WebSite","@id":"https:\/\/tnttunes.pl\/#website","url":"https:\/\/tnttunes.pl\/","name":"TNT Tunes","description":"In punk we trust","publisher":{"@id":"https:\/\/tnttunes.pl\/#organization"},"potentialAction":[{"@type":"SearchAction","target":{"@type":"EntryPoint","urlTemplate":"https:\/\/tnttunes.pl\/?s={search_term_string}"},"query-input":{"@type":"PropertyValueSpecification","valueRequired":true,"valueName":"search_term_string"}}],"inLanguage":"pl-PL"},{"@type":"Organization","@id":"https:\/\/tnttunes.pl\/#organization","name":"TNT Tunes","url":"https:\/\/tnttunes.pl\/","logo":{"@type":"ImageObject","inLanguage":"pl-PL","@id":"https:\/\/tnttunes.pl\/#\/schema\/logo\/image\/","url":"https:\/\/tnttunes.pl\/wp-content\/uploads\/2021\/08\/cropped-TNT-logo-scaled-1.jpg","contentUrl":"https:\/\/tnttunes.pl\/wp-content\/uploads\/2021\/08\/cropped-TNT-logo-scaled-1.jpg","width":2560,"height":1046,"caption":"TNT Tunes"},"image":{"@id":"https:\/\/tnttunes.pl\/#\/schema\/logo\/image\/"}}]}},"_links":{"self":[{"href":"https:\/\/tnttunes.pl\/index.php?rest_route=\/wp\/v2\/pages\/101","targetHints":{"allow":["GET"]}}],"collection":[{"href":"https:\/\/tnttunes.pl\/index.php?rest_route=\/wp\/v2\/pages"}],"about":[{"href":"https:\/\/tnttunes.pl\/index.php?rest_route=\/wp\/v2\/types\/page"}],"author":[{"embeddable":true,"href":"https:\/\/tnttunes.pl\/index.php?rest_route=\/wp\/v2\/users\/1"}],"replies":[{"embeddable":true,"href":"https:\/\/tnttunes.pl\/index.php?rest_route=%2Fwp%2Fv2%2Fcomments&post=101"}],"version-history":[{"count":1,"href":"https:\/\/tnttunes.pl\/index.php?rest_route=\/wp\/v2\/pages\/101\/revisions"}],"predecessor-version":[{"id":102,"href":"https:\/\/tnttunes.pl\/index.php?rest_route=\/wp\/v2\/pages\/101\/revisions\/102"}],"wp:attachment":[{"href":"https:\/\/tnttunes.pl\/index.php?rest_route=%2Fwp%2Fv2%2Fmedia&parent=101"}],"curies":[{"name":"wp","href":"https:\/\/api.w.org\/{rel}","templated":true}]}}