{"id":136,"date":"2021-08-17T07:11:37","date_gmt":"2021-08-17T07:11:37","guid":{"rendered":"https:\/\/tnttunes.pl\/?post_type=product&#038;p=136"},"modified":"2025-05-13T19:20:14","modified_gmt":"2025-05-13T19:20:14","slug":"good-old-days-knock-it-off","status":"publish","type":"product","link":"https:\/\/tnttunes.pl\/?product=good-old-days-knock-it-off","title":{"rendered":"Good Old Days &#8221; Knock it off&#8221;"},"content":{"rendered":"<p><b>Pierwszy raz na winylu, materia\u0142 Good Old Days &#8222;Knock It Off&#8221;, kt\u00f3ry pierwotnie ukaza\u0142 si\u0119 na CD nak\u0142adem Spook Records w 2007 roku oraz numery ze splita z Only Attitude Counts, wydane do tej pory na CD w 2009 roku.<\/b><\/p>\n<p><b>P\u0142yta wydana w eleganckim gatefoldzie.<\/b><\/p>\n<p><strong>Tracklista:<\/strong><\/p>\n<p>KNOCK IT OFF<\/p>\n<p>1 Critique<br \/>\n2 Madkid<br \/>\n3 Walkin&#8217; Hard<br \/>\n4 Washed Heads<br \/>\n5 You Burn<br \/>\n6 Knock It Off<br \/>\n7 A Day Has Come<br \/>\n8 My Fate<br \/>\n9 No Matter Why<br \/>\n10 Harmonia<br \/>\n11 Blank Mind<br \/>\n12 Haz Lo Que Mejor Sepas Hacer<br \/>\n13 Bad Look<\/p>\n<p>SPLIT WITH ONLY ATTITUDE COUNTS<\/p>\n<p>14. Vanished Dreams<\/p>\n<p>15. Liars<\/p>\n<p>16. You can&#8217;t be part of this<\/p>\n<p>17. Last Believer<\/p>\n","protected":false},"excerpt":{"rendered":"<p>Pierwszy raz na winylu, materia\u0142 Good Old Days &#8222;Knock It Off&#8221;, kt\u00f3ry pierwotnie ukaza\u0142 si\u0119 na CD nak\u0142adem Spook Records w 2007 roku oraz numery ze splita z Only Attitude Counts, wydane do tej pory na CD w 2009 roku. P\u0142yta wydana w eleganckim gatefoldzie. Tracklista: KNOCK IT OFF 1 Critique 2 Madkid 3 Walkin&#8217; [&hellip;]<\/p>\n","protected":false},"featured_media":137,"template":"","meta":{"_monsterinsights_skip_tracking":false,"_monsterinsights_sitenote_active":false,"_monsterinsights_sitenote_note":"","_monsterinsights_sitenote_category":0},"product_brand":[],"product_cat":[20],"product_tag":[],"class_list":{"0":"post-136","1":"product","2":"type-product","3":"status-publish","4":"has-post-thumbnail","6":"product_cat-winyle","8":"first","9":"instock","10":"shipping-taxable","11":"purchasable","12":"product-type-simple"},"yoast_head":"<!-- This site is optimized with the Yoast SEO plugin v24.7 - https:\/\/yoast.com\/wordpress\/plugins\/seo\/ -->\n<title>Good Old Days &quot; Knock it off&quot; - TNT Tunes<\/title>\n<meta name=\"robots\" content=\"index, follow, max-snippet:-1, max-image-preview:large, max-video-preview:-1\" \/>\n<link rel=\"canonical\" href=\"https:\/\/tnttunes.pl\/?product=good-old-days-knock-it-off\" \/>\n<meta property=\"og:locale\" content=\"pl_PL\" \/>\n<meta property=\"og:type\" content=\"article\" \/>\n<meta property=\"og:title\" content=\"Good Old Days &quot; Knock it off&quot; - TNT Tunes\" \/>\n<meta property=\"og:description\" content=\"Pierwszy raz na winylu, materia\u0142 Good Old Days &#8222;Knock It Off&#8221;, kt\u00f3ry pierwotnie ukaza\u0142 si\u0119 na CD nak\u0142adem Spook Records w 2007 roku oraz numery ze splita z Only Attitude Counts, wydane do tej pory na CD w 2009 roku. P\u0142yta wydana w eleganckim gatefoldzie. Tracklista: KNOCK IT OFF 1 Critique 2 Madkid 3 Walkin&#8217; [&hellip;]\" \/>\n<meta property=\"og:url\" content=\"https:\/\/tnttunes.pl\/?product=good-old-days-knock-it-off\" \/>\n<meta property=\"og:site_name\" content=\"TNT Tunes\" \/>\n<meta property=\"article:modified_time\" content=\"2025-05-13T19:20:14+00:00\" \/>\n<meta property=\"og:image\" content=\"https:\/\/tnttunes.pl\/wp-content\/uploads\/2021\/08\/good-old-days-knock-it-off-lp-12-transparent-orange.jpg\" \/>\n\t<meta property=\"og:image:width\" content=\"800\" \/>\n\t<meta property=\"og:image:height\" content=\"800\" \/>\n\t<meta property=\"og:image:type\" content=\"image\/jpeg\" \/>\n<meta name=\"twitter:card\" content=\"summary_large_image\" \/>\n<meta name=\"twitter:label1\" content=\"Szacowany czas czytania\" \/>\n\t<meta name=\"twitter:data1\" content=\"1 minuta\" \/>\n<script type=\"application\/ld+json\" class=\"yoast-schema-graph\">{\"@context\":\"https:\/\/schema.org\",\"@graph\":[{\"@type\":\"WebPage\",\"@id\":\"https:\/\/tnttunes.pl\/?product=good-old-days-knock-it-off\",\"url\":\"https:\/\/tnttunes.pl\/?product=good-old-days-knock-it-off\",\"name\":\"Good Old Days \\\" Knock it off\\\" - TNT Tunes\",\"isPartOf\":{\"@id\":\"https:\/\/tnttunes.pl\/#website\"},\"primaryImageOfPage\":{\"@id\":\"https:\/\/tnttunes.pl\/?product=good-old-days-knock-it-off#primaryimage\"},\"image\":{\"@id\":\"https:\/\/tnttunes.pl\/?product=good-old-days-knock-it-off#primaryimage\"},\"thumbnailUrl\":\"https:\/\/tnttunes.pl\/wp-content\/uploads\/2021\/08\/good-old-days-knock-it-off-lp-12-transparent-orange.jpg\",\"datePublished\":\"2021-08-17T07:11:37+00:00\",\"dateModified\":\"2025-05-13T19:20:14+00:00\",\"breadcrumb\":{\"@id\":\"https:\/\/tnttunes.pl\/?product=good-old-days-knock-it-off#breadcrumb\"},\"inLanguage\":\"pl-PL\",\"potentialAction\":[{\"@type\":\"ReadAction\",\"target\":[\"https:\/\/tnttunes.pl\/?product=good-old-days-knock-it-off\"]}]},{\"@type\":\"ImageObject\",\"inLanguage\":\"pl-PL\",\"@id\":\"https:\/\/tnttunes.pl\/?product=good-old-days-knock-it-off#primaryimage\",\"url\":\"https:\/\/tnttunes.pl\/wp-content\/uploads\/2021\/08\/good-old-days-knock-it-off-lp-12-transparent-orange.jpg\",\"contentUrl\":\"https:\/\/tnttunes.pl\/wp-content\/uploads\/2021\/08\/good-old-days-knock-it-off-lp-12-transparent-orange.jpg\",\"width\":800,\"height\":800},{\"@type\":\"BreadcrumbList\",\"@id\":\"https:\/\/tnttunes.pl\/?product=good-old-days-knock-it-off#breadcrumb\",\"itemListElement\":[{\"@type\":\"ListItem\",\"position\":1,\"name\":\"Strona g\u0142\u00f3wna\",\"item\":\"https:\/\/tnttunes.pl\/\"},{\"@type\":\"ListItem\",\"position\":2,\"name\":\"Sklep\",\"item\":\"https:\/\/tnttunes.pl\/?page_id=6\"},{\"@type\":\"ListItem\",\"position\":3,\"name\":\"Good Old Days &#8221; Knock it off&#8221;\"}]},{\"@type\":\"WebSite\",\"@id\":\"https:\/\/tnttunes.pl\/#website\",\"url\":\"https:\/\/tnttunes.pl\/\",\"name\":\"TNT Tunes\",\"description\":\"In punk we trust\",\"publisher\":{\"@id\":\"https:\/\/tnttunes.pl\/#organization\"},\"potentialAction\":[{\"@type\":\"SearchAction\",\"target\":{\"@type\":\"EntryPoint\",\"urlTemplate\":\"https:\/\/tnttunes.pl\/?s={search_term_string}\"},\"query-input\":{\"@type\":\"PropertyValueSpecification\",\"valueRequired\":true,\"valueName\":\"search_term_string\"}}],\"inLanguage\":\"pl-PL\"},{\"@type\":\"Organization\",\"@id\":\"https:\/\/tnttunes.pl\/#organization\",\"name\":\"TNT Tunes\",\"url\":\"https:\/\/tnttunes.pl\/\",\"logo\":{\"@type\":\"ImageObject\",\"inLanguage\":\"pl-PL\",\"@id\":\"https:\/\/tnttunes.pl\/#\/schema\/logo\/image\/\",\"url\":\"https:\/\/tnttunes.pl\/wp-content\/uploads\/2021\/08\/cropped-TNT-logo-scaled-1.jpg\",\"contentUrl\":\"https:\/\/tnttunes.pl\/wp-content\/uploads\/2021\/08\/cropped-TNT-logo-scaled-1.jpg\",\"width\":2560,\"height\":1046,\"caption\":\"TNT Tunes\"},\"image\":{\"@id\":\"https:\/\/tnttunes.pl\/#\/schema\/logo\/image\/\"}}]}<\/script>\n<!-- \/ Yoast SEO plugin. -->","yoast_head_json":{"title":"Good Old Days \" Knock it off\" - TNT Tunes","robots":{"index":"index","follow":"follow","max-snippet":"max-snippet:-1","max-image-preview":"max-image-preview:large","max-video-preview":"max-video-preview:-1"},"canonical":"https:\/\/tnttunes.pl\/?product=good-old-days-knock-it-off","og_locale":"pl_PL","og_type":"article","og_title":"Good Old Days \" Knock it off\" - TNT Tunes","og_description":"Pierwszy raz na winylu, materia\u0142 Good Old Days &#8222;Knock It Off&#8221;, kt\u00f3ry pierwotnie ukaza\u0142 si\u0119 na CD nak\u0142adem Spook Records w 2007 roku oraz numery ze splita z Only Attitude Counts, wydane do tej pory na CD w 2009 roku. P\u0142yta wydana w eleganckim gatefoldzie. Tracklista: KNOCK IT OFF 1 Critique 2 Madkid 3 Walkin&#8217; [&hellip;]","og_url":"https:\/\/tnttunes.pl\/?product=good-old-days-knock-it-off","og_site_name":"TNT Tunes","article_modified_time":"2025-05-13T19:20:14+00:00","og_image":[{"width":800,"height":800,"url":"https:\/\/tnttunes.pl\/wp-content\/uploads\/2021\/08\/good-old-days-knock-it-off-lp-12-transparent-orange.jpg","type":"image\/jpeg"}],"twitter_card":"summary_large_image","twitter_misc":{"Szacowany czas czytania":"1 minuta"},"schema":{"@context":"https:\/\/schema.org","@graph":[{"@type":"WebPage","@id":"https:\/\/tnttunes.pl\/?product=good-old-days-knock-it-off","url":"https:\/\/tnttunes.pl\/?product=good-old-days-knock-it-off","name":"Good Old Days \" Knock it off\" - TNT Tunes","isPartOf":{"@id":"https:\/\/tnttunes.pl\/#website"},"primaryImageOfPage":{"@id":"https:\/\/tnttunes.pl\/?product=good-old-days-knock-it-off#primaryimage"},"image":{"@id":"https:\/\/tnttunes.pl\/?product=good-old-days-knock-it-off#primaryimage"},"thumbnailUrl":"https:\/\/tnttunes.pl\/wp-content\/uploads\/2021\/08\/good-old-days-knock-it-off-lp-12-transparent-orange.jpg","datePublished":"2021-08-17T07:11:37+00:00","dateModified":"2025-05-13T19:20:14+00:00","breadcrumb":{"@id":"https:\/\/tnttunes.pl\/?product=good-old-days-knock-it-off#breadcrumb"},"inLanguage":"pl-PL","potentialAction":[{"@type":"ReadAction","target":["https:\/\/tnttunes.pl\/?product=good-old-days-knock-it-off"]}]},{"@type":"ImageObject","inLanguage":"pl-PL","@id":"https:\/\/tnttunes.pl\/?product=good-old-days-knock-it-off#primaryimage","url":"https:\/\/tnttunes.pl\/wp-content\/uploads\/2021\/08\/good-old-days-knock-it-off-lp-12-transparent-orange.jpg","contentUrl":"https:\/\/tnttunes.pl\/wp-content\/uploads\/2021\/08\/good-old-days-knock-it-off-lp-12-transparent-orange.jpg","width":800,"height":800},{"@type":"BreadcrumbList","@id":"https:\/\/tnttunes.pl\/?product=good-old-days-knock-it-off#breadcrumb","itemListElement":[{"@type":"ListItem","position":1,"name":"Strona g\u0142\u00f3wna","item":"https:\/\/tnttunes.pl\/"},{"@type":"ListItem","position":2,"name":"Sklep","item":"https:\/\/tnttunes.pl\/?page_id=6"},{"@type":"ListItem","position":3,"name":"Good Old Days &#8221; Knock it off&#8221;"}]},{"@type":"WebSite","@id":"https:\/\/tnttunes.pl\/#website","url":"https:\/\/tnttunes.pl\/","name":"TNT Tunes","description":"In punk we trust","publisher":{"@id":"https:\/\/tnttunes.pl\/#organization"},"potentialAction":[{"@type":"SearchAction","target":{"@type":"EntryPoint","urlTemplate":"https:\/\/tnttunes.pl\/?s={search_term_string}"},"query-input":{"@type":"PropertyValueSpecification","valueRequired":true,"valueName":"search_term_string"}}],"inLanguage":"pl-PL"},{"@type":"Organization","@id":"https:\/\/tnttunes.pl\/#organization","name":"TNT Tunes","url":"https:\/\/tnttunes.pl\/","logo":{"@type":"ImageObject","inLanguage":"pl-PL","@id":"https:\/\/tnttunes.pl\/#\/schema\/logo\/image\/","url":"https:\/\/tnttunes.pl\/wp-content\/uploads\/2021\/08\/cropped-TNT-logo-scaled-1.jpg","contentUrl":"https:\/\/tnttunes.pl\/wp-content\/uploads\/2021\/08\/cropped-TNT-logo-scaled-1.jpg","width":2560,"height":1046,"caption":"TNT Tunes"},"image":{"@id":"https:\/\/tnttunes.pl\/#\/schema\/logo\/image\/"}}]}},"_links":{"self":[{"href":"https:\/\/tnttunes.pl\/index.php?rest_route=\/wp\/v2\/product\/136","targetHints":{"allow":["GET"]}}],"collection":[{"href":"https:\/\/tnttunes.pl\/index.php?rest_route=\/wp\/v2\/product"}],"about":[{"href":"https:\/\/tnttunes.pl\/index.php?rest_route=\/wp\/v2\/types\/product"}],"wp:featuredmedia":[{"embeddable":true,"href":"https:\/\/tnttunes.pl\/index.php?rest_route=\/wp\/v2\/media\/137"}],"wp:attachment":[{"href":"https:\/\/tnttunes.pl\/index.php?rest_route=%2Fwp%2Fv2%2Fmedia&parent=136"}],"wp:term":[{"taxonomy":"product_brand","embeddable":true,"href":"https:\/\/tnttunes.pl\/index.php?rest_route=%2Fwp%2Fv2%2Fproduct_brand&post=136"},{"taxonomy":"product_cat","embeddable":true,"href":"https:\/\/tnttunes.pl\/index.php?rest_route=%2Fwp%2Fv2%2Fproduct_cat&post=136"},{"taxonomy":"product_tag","embeddable":true,"href":"https:\/\/tnttunes.pl\/index.php?rest_route=%2Fwp%2Fv2%2Fproduct_tag&post=136"}],"curies":[{"name":"wp","href":"https:\/\/api.w.org\/{rel}","templated":true}]}}