{"id":375,"date":"2025-03-16T18:22:27","date_gmt":"2025-03-16T18:22:27","guid":{"rendered":"https:\/\/tnttunes.pl\/?post_type=product&#038;p=375"},"modified":"2025-12-17T09:08:13","modified_gmt":"2025-12-17T09:08:13","slug":"lazy-class-the-dawn-to-come-cd","status":"publish","type":"product","link":"https:\/\/tnttunes.pl\/?product=lazy-class-the-dawn-to-come-cd","title":{"rendered":"Lazy Class &#8211; The Dawn To Come &#8211; CD"},"content":{"rendered":"<p>Najnowsza p\u0142yta Lazy Class.<\/p>\n<p>11 melodyjnych i agresywnych oi\/punkowych numer\u00f3w za\u015bpiewanych po polsku, angielsku i hiszpa\u0144sku.<\/p>\n<p>CD wydane w schludnym digipacku.<\/p>\n<ol>\n<li>The dawn to come<\/li>\n<li>Keep the faith<\/li>\n<li>Built to last<\/li>\n<li>Ch\u0142opaki nie p\u0142acz\u0105<\/li>\n<li>To miasto<\/li>\n<li>Botas y tirantes (Decibelios)<\/li>\n<li>City that once died<\/li>\n<li>Okr\u0119t<\/li>\n<li>Ruski Mir<\/li>\n<li>Otch\u0142a\u0144<\/li>\n<li>Prisionero del passado<\/li>\n<\/ol>\n<p>UWAGA:<\/p>\n<p>Preorder. Wys\u0142ka zaraz po otrzymaniu koszulek z drukarni. Pocz\u0105tek kwietnia!<\/p>\n","protected":false},"excerpt":{"rendered":"<p>Najnowsza p\u0142yta Lazy Class. 11 melodyjnych i agresywnych oi\/punkowych numer\u00f3w za\u015bpiewanych po polsku, angielsku i hiszpa\u0144sku. CD wydane w schludnym digipacku. The dawn to come Keep the faith Built to last Ch\u0142opaki nie p\u0142acz\u0105 To miasto Botas y tirantes (Decibelios) City that once died Okr\u0119t Ruski Mir Otch\u0142a\u0144 Prisionero del passado UWAGA: Preorder. Wys\u0142ka zaraz [&hellip;]<\/p>\n","protected":false},"featured_media":376,"template":"","meta":{"_monsterinsights_skip_tracking":false,"_monsterinsights_sitenote_active":false,"_monsterinsights_sitenote_note":"","_monsterinsights_sitenote_category":0},"product_brand":[],"product_cat":[19],"product_tag":[],"class_list":{"0":"post-375","1":"product","2":"type-product","3":"status-publish","4":"has-post-thumbnail","6":"product_cat-plyty-cd","8":"first","9":"instock","10":"shipping-taxable","11":"purchasable","12":"product-type-simple"},"yoast_head":"<!-- This site is optimized with the Yoast SEO plugin v24.7 - https:\/\/yoast.com\/wordpress\/plugins\/seo\/ -->\n<title>Lazy Class - The Dawn To Come - CD - TNT Tunes<\/title>\n<meta name=\"robots\" content=\"index, follow, max-snippet:-1, max-image-preview:large, max-video-preview:-1\" \/>\n<link rel=\"canonical\" href=\"https:\/\/tnttunes.pl\/?product=lazy-class-the-dawn-to-come-cd\" \/>\n<meta property=\"og:locale\" content=\"pl_PL\" \/>\n<meta property=\"og:type\" content=\"article\" \/>\n<meta property=\"og:title\" content=\"Lazy Class - The Dawn To Come - CD - TNT Tunes\" \/>\n<meta property=\"og:description\" content=\"Najnowsza p\u0142yta Lazy Class. 11 melodyjnych i agresywnych oi\/punkowych numer\u00f3w za\u015bpiewanych po polsku, angielsku i hiszpa\u0144sku. CD wydane w schludnym digipacku. The dawn to come Keep the faith Built to last Ch\u0142opaki nie p\u0142acz\u0105 To miasto Botas y tirantes (Decibelios) City that once died Okr\u0119t Ruski Mir Otch\u0142a\u0144 Prisionero del passado UWAGA: Preorder. Wys\u0142ka zaraz [&hellip;]\" \/>\n<meta property=\"og:url\" content=\"https:\/\/tnttunes.pl\/?product=lazy-class-the-dawn-to-come-cd\" \/>\n<meta property=\"og:site_name\" content=\"TNT Tunes\" \/>\n<meta property=\"article:modified_time\" content=\"2025-12-17T09:08:13+00:00\" \/>\n<meta property=\"og:image\" content=\"https:\/\/tnttunes.pl\/wp-content\/uploads\/2025\/03\/LC-org-scaled.jpg\" \/>\n\t<meta property=\"og:image:width\" content=\"2560\" \/>\n\t<meta property=\"og:image:height\" content=\"2560\" \/>\n\t<meta property=\"og:image:type\" content=\"image\/jpeg\" \/>\n<meta name=\"twitter:card\" content=\"summary_large_image\" \/>\n<meta name=\"twitter:label1\" content=\"Szacowany czas czytania\" \/>\n\t<meta name=\"twitter:data1\" content=\"1 minuta\" \/>\n<script type=\"application\/ld+json\" class=\"yoast-schema-graph\">{\"@context\":\"https:\/\/schema.org\",\"@graph\":[{\"@type\":\"WebPage\",\"@id\":\"https:\/\/tnttunes.pl\/?product=lazy-class-the-dawn-to-come-cd\",\"url\":\"https:\/\/tnttunes.pl\/?product=lazy-class-the-dawn-to-come-cd\",\"name\":\"Lazy Class - The Dawn To Come - CD - TNT Tunes\",\"isPartOf\":{\"@id\":\"https:\/\/tnttunes.pl\/#website\"},\"primaryImageOfPage\":{\"@id\":\"https:\/\/tnttunes.pl\/?product=lazy-class-the-dawn-to-come-cd#primaryimage\"},\"image\":{\"@id\":\"https:\/\/tnttunes.pl\/?product=lazy-class-the-dawn-to-come-cd#primaryimage\"},\"thumbnailUrl\":\"https:\/\/tnttunes.pl\/wp-content\/uploads\/2025\/03\/LC-org-scaled.jpg\",\"datePublished\":\"2025-03-16T18:22:27+00:00\",\"dateModified\":\"2025-12-17T09:08:13+00:00\",\"breadcrumb\":{\"@id\":\"https:\/\/tnttunes.pl\/?product=lazy-class-the-dawn-to-come-cd#breadcrumb\"},\"inLanguage\":\"pl-PL\",\"potentialAction\":[{\"@type\":\"ReadAction\",\"target\":[\"https:\/\/tnttunes.pl\/?product=lazy-class-the-dawn-to-come-cd\"]}]},{\"@type\":\"ImageObject\",\"inLanguage\":\"pl-PL\",\"@id\":\"https:\/\/tnttunes.pl\/?product=lazy-class-the-dawn-to-come-cd#primaryimage\",\"url\":\"https:\/\/tnttunes.pl\/wp-content\/uploads\/2025\/03\/LC-org-scaled.jpg\",\"contentUrl\":\"https:\/\/tnttunes.pl\/wp-content\/uploads\/2025\/03\/LC-org-scaled.jpg\",\"width\":2560,\"height\":2560},{\"@type\":\"BreadcrumbList\",\"@id\":\"https:\/\/tnttunes.pl\/?product=lazy-class-the-dawn-to-come-cd#breadcrumb\",\"itemListElement\":[{\"@type\":\"ListItem\",\"position\":1,\"name\":\"Strona g\u0142\u00f3wna\",\"item\":\"https:\/\/tnttunes.pl\/\"},{\"@type\":\"ListItem\",\"position\":2,\"name\":\"Sklep\",\"item\":\"https:\/\/tnttunes.pl\/?page_id=6\"},{\"@type\":\"ListItem\",\"position\":3,\"name\":\"Lazy Class &#8211; The Dawn To Come &#8211; CD\"}]},{\"@type\":\"WebSite\",\"@id\":\"https:\/\/tnttunes.pl\/#website\",\"url\":\"https:\/\/tnttunes.pl\/\",\"name\":\"TNT Tunes\",\"description\":\"In punk we trust\",\"publisher\":{\"@id\":\"https:\/\/tnttunes.pl\/#organization\"},\"potentialAction\":[{\"@type\":\"SearchAction\",\"target\":{\"@type\":\"EntryPoint\",\"urlTemplate\":\"https:\/\/tnttunes.pl\/?s={search_term_string}\"},\"query-input\":{\"@type\":\"PropertyValueSpecification\",\"valueRequired\":true,\"valueName\":\"search_term_string\"}}],\"inLanguage\":\"pl-PL\"},{\"@type\":\"Organization\",\"@id\":\"https:\/\/tnttunes.pl\/#organization\",\"name\":\"TNT Tunes\",\"url\":\"https:\/\/tnttunes.pl\/\",\"logo\":{\"@type\":\"ImageObject\",\"inLanguage\":\"pl-PL\",\"@id\":\"https:\/\/tnttunes.pl\/#\/schema\/logo\/image\/\",\"url\":\"https:\/\/tnttunes.pl\/wp-content\/uploads\/2021\/08\/cropped-TNT-logo-scaled-1.jpg\",\"contentUrl\":\"https:\/\/tnttunes.pl\/wp-content\/uploads\/2021\/08\/cropped-TNT-logo-scaled-1.jpg\",\"width\":2560,\"height\":1046,\"caption\":\"TNT Tunes\"},\"image\":{\"@id\":\"https:\/\/tnttunes.pl\/#\/schema\/logo\/image\/\"}}]}<\/script>\n<!-- \/ Yoast SEO plugin. -->","yoast_head_json":{"title":"Lazy Class - The Dawn To Come - CD - TNT Tunes","robots":{"index":"index","follow":"follow","max-snippet":"max-snippet:-1","max-image-preview":"max-image-preview:large","max-video-preview":"max-video-preview:-1"},"canonical":"https:\/\/tnttunes.pl\/?product=lazy-class-the-dawn-to-come-cd","og_locale":"pl_PL","og_type":"article","og_title":"Lazy Class - The Dawn To Come - CD - TNT Tunes","og_description":"Najnowsza p\u0142yta Lazy Class. 11 melodyjnych i agresywnych oi\/punkowych numer\u00f3w za\u015bpiewanych po polsku, angielsku i hiszpa\u0144sku. CD wydane w schludnym digipacku. The dawn to come Keep the faith Built to last Ch\u0142opaki nie p\u0142acz\u0105 To miasto Botas y tirantes (Decibelios) City that once died Okr\u0119t Ruski Mir Otch\u0142a\u0144 Prisionero del passado UWAGA: Preorder. Wys\u0142ka zaraz [&hellip;]","og_url":"https:\/\/tnttunes.pl\/?product=lazy-class-the-dawn-to-come-cd","og_site_name":"TNT Tunes","article_modified_time":"2025-12-17T09:08:13+00:00","og_image":[{"width":2560,"height":2560,"url":"https:\/\/tnttunes.pl\/wp-content\/uploads\/2025\/03\/LC-org-scaled.jpg","type":"image\/jpeg"}],"twitter_card":"summary_large_image","twitter_misc":{"Szacowany czas czytania":"1 minuta"},"schema":{"@context":"https:\/\/schema.org","@graph":[{"@type":"WebPage","@id":"https:\/\/tnttunes.pl\/?product=lazy-class-the-dawn-to-come-cd","url":"https:\/\/tnttunes.pl\/?product=lazy-class-the-dawn-to-come-cd","name":"Lazy Class - The Dawn To Come - CD - TNT Tunes","isPartOf":{"@id":"https:\/\/tnttunes.pl\/#website"},"primaryImageOfPage":{"@id":"https:\/\/tnttunes.pl\/?product=lazy-class-the-dawn-to-come-cd#primaryimage"},"image":{"@id":"https:\/\/tnttunes.pl\/?product=lazy-class-the-dawn-to-come-cd#primaryimage"},"thumbnailUrl":"https:\/\/tnttunes.pl\/wp-content\/uploads\/2025\/03\/LC-org-scaled.jpg","datePublished":"2025-03-16T18:22:27+00:00","dateModified":"2025-12-17T09:08:13+00:00","breadcrumb":{"@id":"https:\/\/tnttunes.pl\/?product=lazy-class-the-dawn-to-come-cd#breadcrumb"},"inLanguage":"pl-PL","potentialAction":[{"@type":"ReadAction","target":["https:\/\/tnttunes.pl\/?product=lazy-class-the-dawn-to-come-cd"]}]},{"@type":"ImageObject","inLanguage":"pl-PL","@id":"https:\/\/tnttunes.pl\/?product=lazy-class-the-dawn-to-come-cd#primaryimage","url":"https:\/\/tnttunes.pl\/wp-content\/uploads\/2025\/03\/LC-org-scaled.jpg","contentUrl":"https:\/\/tnttunes.pl\/wp-content\/uploads\/2025\/03\/LC-org-scaled.jpg","width":2560,"height":2560},{"@type":"BreadcrumbList","@id":"https:\/\/tnttunes.pl\/?product=lazy-class-the-dawn-to-come-cd#breadcrumb","itemListElement":[{"@type":"ListItem","position":1,"name":"Strona g\u0142\u00f3wna","item":"https:\/\/tnttunes.pl\/"},{"@type":"ListItem","position":2,"name":"Sklep","item":"https:\/\/tnttunes.pl\/?page_id=6"},{"@type":"ListItem","position":3,"name":"Lazy Class &#8211; The Dawn To Come &#8211; CD"}]},{"@type":"WebSite","@id":"https:\/\/tnttunes.pl\/#website","url":"https:\/\/tnttunes.pl\/","name":"TNT Tunes","description":"In punk we trust","publisher":{"@id":"https:\/\/tnttunes.pl\/#organization"},"potentialAction":[{"@type":"SearchAction","target":{"@type":"EntryPoint","urlTemplate":"https:\/\/tnttunes.pl\/?s={search_term_string}"},"query-input":{"@type":"PropertyValueSpecification","valueRequired":true,"valueName":"search_term_string"}}],"inLanguage":"pl-PL"},{"@type":"Organization","@id":"https:\/\/tnttunes.pl\/#organization","name":"TNT Tunes","url":"https:\/\/tnttunes.pl\/","logo":{"@type":"ImageObject","inLanguage":"pl-PL","@id":"https:\/\/tnttunes.pl\/#\/schema\/logo\/image\/","url":"https:\/\/tnttunes.pl\/wp-content\/uploads\/2021\/08\/cropped-TNT-logo-scaled-1.jpg","contentUrl":"https:\/\/tnttunes.pl\/wp-content\/uploads\/2021\/08\/cropped-TNT-logo-scaled-1.jpg","width":2560,"height":1046,"caption":"TNT Tunes"},"image":{"@id":"https:\/\/tnttunes.pl\/#\/schema\/logo\/image\/"}}]}},"_links":{"self":[{"href":"https:\/\/tnttunes.pl\/index.php?rest_route=\/wp\/v2\/product\/375","targetHints":{"allow":["GET"]}}],"collection":[{"href":"https:\/\/tnttunes.pl\/index.php?rest_route=\/wp\/v2\/product"}],"about":[{"href":"https:\/\/tnttunes.pl\/index.php?rest_route=\/wp\/v2\/types\/product"}],"wp:featuredmedia":[{"embeddable":true,"href":"https:\/\/tnttunes.pl\/index.php?rest_route=\/wp\/v2\/media\/376"}],"wp:attachment":[{"href":"https:\/\/tnttunes.pl\/index.php?rest_route=%2Fwp%2Fv2%2Fmedia&parent=375"}],"wp:term":[{"taxonomy":"product_brand","embeddable":true,"href":"https:\/\/tnttunes.pl\/index.php?rest_route=%2Fwp%2Fv2%2Fproduct_brand&post=375"},{"taxonomy":"product_cat","embeddable":true,"href":"https:\/\/tnttunes.pl\/index.php?rest_route=%2Fwp%2Fv2%2Fproduct_cat&post=375"},{"taxonomy":"product_tag","embeddable":true,"href":"https:\/\/tnttunes.pl\/index.php?rest_route=%2Fwp%2Fv2%2Fproduct_tag&post=375"}],"curies":[{"name":"wp","href":"https:\/\/api.w.org\/{rel}","templated":true}]}}